{"id":2654,"date":"2023-06-06T09:48:02","date_gmt":"2023-06-06T09:48:02","guid":{"rendered":"https:\/\/coamsa.net\/?page_id=2654"},"modified":"2026-04-01T11:22:25","modified_gmt":"2026-04-01T11:22:25","slug":"accesibilidad","status":"publish","type":"page","link":"https:\/\/coamsa.net\/es\/accesibilidad\/","title":{"rendered":"Accesibilidad"},"content":{"rendered":"<div class=\"fusion-fullwidth fullwidth-box fusion-builder-row-1 fusion-flex-container has-pattern-background has-mask-background nonhundred-percent-fullwidth non-hundred-percent-height-scrolling\" style=\"--awb-border-radius-top-left:0px;--awb-border-radius-top-right:0px;--awb-border-radius-bottom-right:0px;--awb-border-radius-bottom-left:0px;\" ><div class=\"fusion-builder-row fusion-row fusion-flex-align-items-flex-start\" style=\"max-width:1248px;margin-left: calc(-4% \/ 2 );margin-right: calc(-4% \/ 2 );\"><div class=\"fusion-layout-column fusion_builder_column fusion-builder-column-0 fusion_builder_column_1_1 1_1 fusion-flex-column\" style=\"--awb-padding-top:20px;--awb-padding-bottom:50px;--awb-bg-size:cover;--awb-width-large:100%;--awb-margin-top-large:0px;--awb-spacing-right-large:1.92%;--awb-margin-bottom-large:20px;--awb-spacing-left-large:1.92%;--awb-width-medium:100%;--awb-order-medium:0;--awb-spacing-right-medium:1.92%;--awb-spacing-left-medium:1.92%;--awb-width-small:100%;--awb-order-small:0;--awb-spacing-right-small:1.92%;--awb-spacing-left-small:1.92%;\"><div class=\"fusion-column-wrapper fusion-column-has-shadow fusion-flex-justify-content-flex-start fusion-content-layout-column\"><div class=\"fusion-title title fusion-title-1 fusion-sep-none fusion-title-center fusion-title-text fusion-title-size-one\"><h1 class=\"title-heading-center\" style=\"margin:0;\">Accesibilidad<\/h1><\/div><div class=\"fusion-text fusion-text-1\"><p>La presente declaraci\u00f3n de accesibilidad se aplica al sitio web <a href=\"https:\/\/www.coamsaseguridad.com\/\">https:\/\/www.coamsaseguridad.com\/<\/a>:<\/p>\n<h3><b>SITUACI\u00d3N DE CUMPLIMIENTO<br \/>\n<\/b><\/h3>\n<p>Actualmente, este sitio web es parcialmente conforme con el RD 1112\/2018 debido a las excepciones y a la falta de conformidad de los aspectos que se indican en el siguiente punto.<\/p>\n<h3><b>CONTENIDO NO ACCESIBLE<br \/>\n<\/b><\/h3>\n<p>El contenido que se recoge a continuaci\u00f3n no es accesible por lo siguiente:<\/p>\n<p>Falta de conformidad con el RD 1112\/2018<br \/>\nPodr\u00edan existir algunos aspectos de contraste que no cumplan los m\u00ednimos exigidos, 3:1, con respecto a los colores adyacentes del fondo de la secci\u00f3n de la web en cuesti\u00f3n. [9.1.4.11 Contraste no textual]<\/p>\n<p>Podr\u00edan existir algunos elementos no textuales no etiquetados correctamente [2.5.3 Etiqueta en el nombre] y [4.1.2 Nombre funci\u00f3n y valor]<\/p>\n<p>Los buscadores buscan autom\u00e1ticamente sin necesidad de ordenar ninguna acci\u00f3n por parte del usuario [3.2.2 Al recibir entradas]<\/p>\n<p>As\u00ed mismo, podr\u00edan existir algunos textos en otro idioma no etiquetados correctamente [3.1.2 Idioma de las partes]<\/p>\n<p>Podr\u00edan existir errores de c\u00f3digo puntuales de edici\u00f3n en alguna p\u00e1gina web. [4.1.1 Procesamiento]<\/p>\n<p>Carga desproporcionada<br \/>\nNo aplica.<\/p>\n<p>El contenido no entra dentro del \u00e1mbito de la legislaci\u00f3n aplicable<\/p>\n<h3>PREPARACI\u00d3N DE LA SIGUIENTE DECLARACI\u00d3N DE ACCESIBILIDAD<\/h3>\n<p>La presente declaraci\u00f3n fue preparada el 20 de Abril de 2023.<\/p>\n<p>El m\u00e9todo empleado para preparar la declaraci\u00f3n ha sido una evaluaci\u00f3n manual llevada a cabo por <a href=\"https:\/\/avannubo.com\/\">AVANCEM AMB VOST\u00c8 S.L. (AVANNUBO)<\/a>.<\/p>\n<p>La Declaraci\u00f3n de Accesibilidad ha sido revisada y actualizada en Abril de 2023.<\/p>\n<h3><b>OBSERVACIONES Y DATOS DE CONTACTO<\/b><\/h3>\n<p>Puede realizar comunicaciones sobre requisitos de accesibilidad (articulo 10.2.a del RD 1112\/2018) como, por ejemplo:<\/p>\n<p>Informar sobre cualquier posible incumplimiento por parte de este sitio web<br \/>\nTransmitir otras dificultades de acceso al contenido<br \/>\nFormular cualquier otra consulta o sugerencia de mejora relativa a la accesibilidad del sitio web<br \/>\nA trav\u00e9s del formulario de contacto de este sitio web o a trav\u00e9s del n\u00famero de tel\u00e9fono (+34) 938 72 97 18.<\/p>\n<p>Adem\u00e1s, puede presentar:<\/p>\n<p>Queja relativa al cumplimiento de los requisitos del RD 1112\/2018 o<br \/>\nSolicitud de Informaci\u00f3n accesible relativa a:<br \/>\nContenidos que est\u00e1n excluidos del \u00e1mbito de aplicaci\u00f3n del RD 1112\/2018 seg\u00fan lo establecido por el art\u00edculo 3, apartado 4<\/p>\n<p>Contenidos que est\u00e1n exentos del cumplimiento de los requisitos de accesibilidad por imponer una carga desproporcionada.<\/p>\n<p>Adem\u00e1s, en la Solicitud de informaci\u00f3n accesible, se debe concretar, con toda claridad, los hechos, razones y petici\u00f3n que permitan constatar que se trata de una solicitud razonable y leg\u00edtima.<\/p>\n<p>Las quejas y reclamaciones sobre informaci\u00f3n accesible se realizar\u00e1n a trav\u00e9s de la administraci\u00f3n, y ser\u00e1n recibidas y tratadas por COAMSA.<\/p>\n<h3>PROCEDIMIENTO DE APLICACI\u00d3N<\/h3>\n<p>Si una vez realizada una solicitud de informaci\u00f3n accesible o queja, \u00e9sta hubiera sido desestimada, no se estuviera de acuerdo con la decisi\u00f3n adoptada, o la respuesta no cumpliera los requisitos contemplados en el art\u00edculo 12.5, la persona interesada podr\u00e1 iniciar una reclamaci\u00f3n. Igualmente, se podr\u00e1 iniciar una reclamaci\u00f3n en el caso de que haya transcurrido el plazo de veinte d\u00edas h\u00e1biles sin haber obtenido respuesta.<\/p>\n<p>La reclamaci\u00f3n puede ser presentada trav\u00e9s de la Instancia Gen\u00e9rica de la Sede electr\u00f3nica del Ministerio de Asuntos Econ\u00f3micos y Transformaci\u00f3n Digital , as\u00ed como en el resto de opciones recogidas en la Ley 39\/ 2015, de 1 de octubre, del Procedimiento Administrativo Com\u00fan de las Administraciones P\u00fablicas. Las reclamaciones ser\u00e1n recibidas y tratadas por la Subdirecci\u00f3n General de Inspecci\u00f3n de Servicios del Ministerio.<\/p>\n<h3>CONTENIDO OPCIONAL<\/h3>\n<p>Este portal esta dise\u00f1ado para poder cambiar el tama\u00f1o del texto y el color, as\u00ed como el fondo de la pagina mediante las opciones de configuraci\u00f3n est\u00e1ndar de los navegadores.<\/p>\n<p>Si desea cambiar el tama\u00f1o de letra del texto en los principales navegadores gr\u00e1ficos utilice los siguientes men\u00fas:<\/p>\n<p>Internet Explorer, Mozilla y Firefox: Ver &gt; Tama\u00f1o del texto<br \/>\nOpera: Ver &gt; Zoom<br \/>\nSafari: Ver &gt; Hacer el texto mas grande<br \/>\nChrome: Controla la pagina actual &gt; Tama\u00f1o del texto<br \/>\nPara modificar el tama\u00f1o de todo en la pagina:<br \/>\nCtrl + + para aumentarlo<br \/>\nCtrl + \u2013 para disminuirlo<br \/>\nCtrl + 0 restaura el tama\u00f1o original del texto<br \/>\nSi lo que quiere es anular la hoja de estilos o modificar el color del texto, puede consultar la pagina How to Change Text Size or Colors de la WAI, que se puede leer traducida al espa\u00f1ol en \u00bfC\u00f3mo cambiar el tama\u00f1o del texto o colores?<\/p>\n<\/div><\/div><\/div><\/div><\/div>\n","protected":false},"excerpt":{"rendered":"","protected":false},"author":1,"featured_media":0,"parent":0,"menu_order":0,"comment_status":"closed","ping_status":"closed","template":"100-width.php","meta":{"footnotes":""},"class_list":["post-2654","page","type-page","status-publish","hentry"],"yoast_head":"<!-- This site is optimized with the Yoast SEO plugin v25.0 - https:\/\/yoast.com\/wordpress\/plugins\/seo\/ -->\n<title>Accesibilidad - Coamsa - Sistemas De Seguridad<\/title>\n<meta name=\"description\" content=\"Accesibilidad web de COAMSA. Consulta informaci\u00f3n sobre el cumplimiento normativo, usabilidad y contacto por incidencias o mejoras.\" \/>\n<meta name=\"robots\" content=\"index, follow, max-snippet:-1, max-image-preview:large, max-video-preview:-1\" \/>\n<link rel=\"canonical\" href=\"https:\/\/coamsa.net\/es\/accesibilidad\/\" \/>\n<meta property=\"og:locale\" content=\"es_ES\" \/>\n<meta property=\"og:type\" content=\"article\" \/>\n<meta property=\"og:title\" content=\"Accesibilidad - Coamsa - Sistemas De Seguridad\" \/>\n<meta property=\"og:description\" content=\"Accesibilidad web de COAMSA. Consulta informaci\u00f3n sobre el cumplimiento normativo, usabilidad y contacto por incidencias o mejoras.\" \/>\n<meta property=\"og:url\" content=\"https:\/\/coamsa.net\/es\/accesibilidad\/\" \/>\n<meta property=\"og:site_name\" content=\"Coamsa - Sistemas De Seguridad\" \/>\n<meta property=\"article:modified_time\" content=\"2026-04-01T11:22:25+00:00\" \/>\n<meta name=\"twitter:card\" content=\"summary_large_image\" \/>\n<meta name=\"twitter:label1\" content=\"Tiempo de lectura\" \/>\n\t<meta name=\"twitter:data1\" content=\"5 minutos\" \/>\n<script type=\"application\/ld+json\" class=\"yoast-schema-graph\">{\"@context\":\"https:\/\/schema.org\",\"@graph\":[{\"@type\":\"WebPage\",\"@id\":\"https:\/\/coamsa.net\/es\/accesibilidad\/\",\"url\":\"https:\/\/coamsa.net\/es\/accesibilidad\/\",\"name\":\"Accesibilidad - Coamsa - Sistemas De Seguridad\",\"isPartOf\":{\"@id\":\"https:\/\/coamsa.net\/#website\"},\"datePublished\":\"2023-06-06T09:48:02+00:00\",\"dateModified\":\"2026-04-01T11:22:25+00:00\",\"description\":\"Accesibilidad web de COAMSA. Consulta informaci\u00f3n sobre el cumplimiento normativo, usabilidad y contacto por incidencias o mejoras.\",\"breadcrumb\":{\"@id\":\"https:\/\/coamsa.net\/es\/accesibilidad\/#breadcrumb\"},\"inLanguage\":\"es\",\"potentialAction\":[{\"@type\":\"ReadAction\",\"target\":[\"https:\/\/coamsa.net\/es\/accesibilidad\/\"]}]},{\"@type\":\"BreadcrumbList\",\"@id\":\"https:\/\/coamsa.net\/es\/accesibilidad\/#breadcrumb\",\"itemListElement\":[{\"@type\":\"ListItem\",\"position\":1,\"name\":\"Inici\",\"item\":\"https:\/\/coamsa.net\/es\/\"},{\"@type\":\"ListItem\",\"position\":2,\"name\":\"Accesibilidad\"}]},{\"@type\":\"WebSite\",\"@id\":\"https:\/\/coamsa.net\/#website\",\"url\":\"https:\/\/coamsa.net\/\",\"name\":\"Coamsa - Sistemas De Seguridad\",\"description\":\"\",\"potentialAction\":[{\"@type\":\"SearchAction\",\"target\":{\"@type\":\"EntryPoint\",\"urlTemplate\":\"https:\/\/coamsa.net\/?s={search_term_string}\"},\"query-input\":{\"@type\":\"PropertyValueSpecification\",\"valueRequired\":true,\"valueName\":\"search_term_string\"}}],\"inLanguage\":\"es\"}]}<\/script>\n<!-- \/ Yoast SEO plugin. -->","yoast_head_json":{"title":"Accesibilidad - Coamsa - Sistemas De Seguridad","description":"Accesibilidad web de COAMSA. Consulta informaci\u00f3n sobre el cumplimiento normativo, usabilidad y contacto por incidencias o mejoras.","robots":{"index":"index","follow":"follow","max-snippet":"max-snippet:-1","max-image-preview":"max-image-preview:large","max-video-preview":"max-video-preview:-1"},"canonical":"https:\/\/coamsa.net\/es\/accesibilidad\/","og_locale":"es_ES","og_type":"article","og_title":"Accesibilidad - Coamsa - Sistemas De Seguridad","og_description":"Accesibilidad web de COAMSA. Consulta informaci\u00f3n sobre el cumplimiento normativo, usabilidad y contacto por incidencias o mejoras.","og_url":"https:\/\/coamsa.net\/es\/accesibilidad\/","og_site_name":"Coamsa - Sistemas De Seguridad","article_modified_time":"2026-04-01T11:22:25+00:00","twitter_card":"summary_large_image","twitter_misc":{"Tiempo de lectura":"5 minutos"},"schema":{"@context":"https:\/\/schema.org","@graph":[{"@type":"WebPage","@id":"https:\/\/coamsa.net\/es\/accesibilidad\/","url":"https:\/\/coamsa.net\/es\/accesibilidad\/","name":"Accesibilidad - Coamsa - Sistemas De Seguridad","isPartOf":{"@id":"https:\/\/coamsa.net\/#website"},"datePublished":"2023-06-06T09:48:02+00:00","dateModified":"2026-04-01T11:22:25+00:00","description":"Accesibilidad web de COAMSA. Consulta informaci\u00f3n sobre el cumplimiento normativo, usabilidad y contacto por incidencias o mejoras.","breadcrumb":{"@id":"https:\/\/coamsa.net\/es\/accesibilidad\/#breadcrumb"},"inLanguage":"es","potentialAction":[{"@type":"ReadAction","target":["https:\/\/coamsa.net\/es\/accesibilidad\/"]}]},{"@type":"BreadcrumbList","@id":"https:\/\/coamsa.net\/es\/accesibilidad\/#breadcrumb","itemListElement":[{"@type":"ListItem","position":1,"name":"Inici","item":"https:\/\/coamsa.net\/es\/"},{"@type":"ListItem","position":2,"name":"Accesibilidad"}]},{"@type":"WebSite","@id":"https:\/\/coamsa.net\/#website","url":"https:\/\/coamsa.net\/","name":"Coamsa - Sistemas De Seguridad","description":"","potentialAction":[{"@type":"SearchAction","target":{"@type":"EntryPoint","urlTemplate":"https:\/\/coamsa.net\/?s={search_term_string}"},"query-input":{"@type":"PropertyValueSpecification","valueRequired":true,"valueName":"search_term_string"}}],"inLanguage":"es"}]}},"_links":{"self":[{"href":"https:\/\/coamsa.net\/es\/wp-json\/wp\/v2\/pages\/2654","targetHints":{"allow":["GET"]}}],"collection":[{"href":"https:\/\/coamsa.net\/es\/wp-json\/wp\/v2\/pages"}],"about":[{"href":"https:\/\/coamsa.net\/es\/wp-json\/wp\/v2\/types\/page"}],"author":[{"embeddable":true,"href":"https:\/\/coamsa.net\/es\/wp-json\/wp\/v2\/users\/1"}],"replies":[{"embeddable":true,"href":"https:\/\/coamsa.net\/es\/wp-json\/wp\/v2\/comments?post=2654"}],"version-history":[{"count":5,"href":"https:\/\/coamsa.net\/es\/wp-json\/wp\/v2\/pages\/2654\/revisions"}],"predecessor-version":[{"id":2819,"href":"https:\/\/coamsa.net\/es\/wp-json\/wp\/v2\/pages\/2654\/revisions\/2819"}],"wp:attachment":[{"href":"https:\/\/coamsa.net\/es\/wp-json\/wp\/v2\/media?parent=2654"}],"curies":[{"name":"wp","href":"https:\/\/api.w.org\/{rel}","templated":true}]}}